{"id":15838,"date":"2025-04-28T17:10:28","date_gmt":"2025-04-28T15:10:28","guid":{"rendered":"https:\/\/mamieandcohairsecrets.com\/?page_id=15838"},"modified":"2025-06-29T14:16:52","modified_gmt":"2025-06-29T12:16:52","slug":"mentions-legales","status":"publish","type":"page","link":"https:\/\/mamieandcohairsecrets.com\/en\/mentions-legales\/","title":{"rendered":"Mentions l\u00e9gales"},"content":{"rendered":"<div data-elementor-type=\"wp-page\" data-elementor-id=\"15838\" class=\"elementor elementor-15838\" data-elementor-post-type=\"page\">\n\t\t\t\t<div class=\"elementor-element elementor-element-885fc59 e-flex e-con-boxed e-con e-parent\" data-id=\"885fc59\" data-element_type=\"container\" data-e-type=\"container\" data-settings=\"{&quot;background_background&quot;:&quot;classic&quot;,&quot;ekit_has_onepagescroll_dot&quot;:&quot;yes&quot;}\">\n\t\t\t\t\t<div class=\"e-con-inner\">\n\t\t<div class=\"elementor-element elementor-element-636275e e-flex e-con-boxed e-con e-child\" data-id=\"636275e\" data-element_type=\"container\" data-e-type=\"container\" data-settings=\"{&quot;ekit_has_onepagescroll_dot&quot;:&quot;yes&quot;}\">\n\t\t\t\t\t<div class=\"e-con-inner\">\n\t\t\t\t<div class=\"elementor-element elementor-element-01fe6f3 elementor-invisible elementor-widget elementor-widget-heading\" data-id=\"01fe6f3\" data-element_type=\"widget\" data-e-type=\"widget\" data-settings=\"{&quot;_animation&quot;:&quot;fadeInUp&quot;,&quot;_animation_delay&quot;:200,&quot;ekit_we_effect_on&quot;:&quot;none&quot;}\" data-widget_type=\"heading.default\">\n\t\t\t\t<div class=\"elementor-widget-container\">\n\t\t\t\t\t<h2 class=\"elementor-heading-title elementor-size-default\">Mentions l\u00e9gales <\/h2>\t\t\t\t<\/div>\n\t\t\t\t<\/div>\n\t\t\t\t\t<\/div>\n\t\t\t\t<\/div>\n\t\t\t\t\t<\/div>\n\t\t\t\t<\/div>\n\t\t<div class=\"elementor-element elementor-element-6109339 e-flex e-con-boxed e-con e-parent\" data-id=\"6109339\" data-element_type=\"container\" data-e-type=\"container\" data-settings=\"{&quot;ekit_has_onepagescroll_dot&quot;:&quot;yes&quot;}\">\n\t\t\t\t\t<div class=\"e-con-inner\">\n\t\t<div class=\"elementor-element elementor-element-514be8b e-flex e-con-boxed e-con e-child\" data-id=\"514be8b\" data-element_type=\"container\" data-e-type=\"container\" data-settings=\"{&quot;background_background&quot;:&quot;classic&quot;,&quot;ekit_has_onepagescroll_dot&quot;:&quot;yes&quot;}\">\n\t\t\t\t\t<div class=\"e-con-inner\">\n\t\t<div class=\"elementor-element elementor-element-8d020c4 e-flex e-con-boxed e-con e-child\" data-id=\"8d020c4\" data-element_type=\"container\" data-e-type=\"container\" data-settings=\"{&quot;ekit_has_onepagescroll_dot&quot;:&quot;yes&quot;}\">\n\t\t\t\t\t<div class=\"e-con-inner\">\n\t\t\t\t<div class=\"elementor-element elementor-element-08c53dd elementor-hidden-desktop elementor-hidden-tablet elementor-hidden-mobile elementor-widget elementor-widget-text-editor\" data-id=\"08c53dd\" data-element_type=\"widget\" data-e-type=\"widget\" data-settings=\"{&quot;ekit_we_effect_on&quot;:&quot;none&quot;}\" data-widget_type=\"text-editor.default\">\n\t\t\t\t<div class=\"elementor-widget-container\">\n\t\t\t\t\t\t\t\t\t<h3 class=\"\" data-start=\"341\" data-end=\"364\"><strong data-start=\"345\" data-end=\"364\">\u00c9diteur du site<\/strong><\/h3><p class=\"\" data-start=\"365\" data-end=\"695\"><strong data-start=\"365\" data-end=\"389\">Mamie&amp;Co Hairsecrets<\/strong><br data-start=\"389\" data-end=\"392\" \/>Entreprise individuelle \/ Soci\u00e9t\u00e9 [forme juridique \u00e0 pr\u00e9ciser : SASU, SARL, EI, etc.]<br data-start=\"477\" data-end=\"480\" \/>Si\u00e8ge social : [adresse compl\u00e8te]<br data-start=\"513\" data-end=\"516\" \/>SIRET : [n\u00b0 SIRET ou \u00e9quivalent]<br data-start=\"548\" data-end=\"551\" \/>RCS : [Ville d&rsquo;immatriculation]<br data-start=\"582\" data-end=\"585\" \/>TVA intracommunautaire : [N\u00b0 TVA si applicable]<br data-start=\"632\" data-end=\"635\" \/>Responsable de la publication : [Nom et pr\u00e9nom du dirigeant]<\/p><p class=\"\" data-start=\"697\" data-end=\"801\"><strong data-start=\"697\" data-end=\"715\">Adresse e-mail<\/strong> : <a class=\"cursor-pointer\" rel=\"noopener\" data-start=\"718\" data-end=\"751\">contact@mamieandcohairsecrets.com<\/a><br data-start=\"751\" data-end=\"754\" \/><strong data-start=\"754\" data-end=\"767\">T\u00e9l\u00e9phone<\/strong> : [n\u00b0 de t\u00e9l\u00e9phone professionnel]<\/p>\t\t\t\t\t\t\t\t<\/div>\n\t\t\t\t<\/div>\n\t\t\t\t<div class=\"elementor-element elementor-element-7266789 elementor-widget elementor-widget-text-editor\" data-id=\"7266789\" data-element_type=\"widget\" data-e-type=\"widget\" data-settings=\"{&quot;ekit_we_effect_on&quot;:&quot;none&quot;}\" data-widget_type=\"text-editor.default\">\n\t\t\t\t<div class=\"elementor-widget-container\">\n\t\t\t\t\t\t\t\t\t<h3 class=\"\" data-start=\"808\" data-end=\"827\"><strong data-start=\"812\" data-end=\"827\">H\u00e9bergement<\/strong><\/h3><p class=\"\" data-start=\"828\" data-end=\"1037\">Le site <strong data-start=\"836\" data-end=\"865\">mamieandcohairsecrets.com<\/strong> est h\u00e9berg\u00e9 par :<br data-start=\"883\" data-end=\"886\" \/><strong data-start=\"886\" data-end=\"910\">HOSTINGER<\/strong><br data-start=\"910\" data-end=\"913\" \/>Adresse : \u0160vitrigailos str.\u202f34, 03230 Vilnius, Lituanie<br data-start=\"956\" data-end=\"959\" \/>T\u00e9l\u00e9phone :+370 645 03378<br data-start=\"1003\" data-end=\"1006\" \/>Site web : hostinger.fr<\/p>\t\t\t\t\t\t\t\t<\/div>\n\t\t\t\t<\/div>\n\t\t\t\t<div class=\"elementor-element elementor-element-c423d23 elementor-widget elementor-widget-toggle\" data-id=\"c423d23\" data-element_type=\"widget\" data-e-type=\"widget\" data-settings=\"{&quot;ekit_we_effect_on&quot;:&quot;none&quot;}\" data-widget_type=\"toggle.default\">\n\t\t\t\t<div class=\"elementor-widget-container\">\n\t\t\t\t\t\t\t<div class=\"elementor-toggle\">\n\t\t\t\t\t\t\t<div class=\"elementor-toggle-item\">\n\t\t\t\t\t<div id=\"elementor-tab-title-2051\" class=\"elementor-tab-title\" data-tab=\"1\" role=\"button\" aria-controls=\"elementor-tab-content-2051\" aria-expanded=\"false\">\n\t\t\t\t\t\t\t\t\t\t\t\t<span class=\"elementor-toggle-icon elementor-toggle-icon-left\" aria-hidden=\"true\">\n\t\t\t\t\t\t\t\t\t\t\t\t\t\t\t<span class=\"elementor-toggle-icon-closed\"><svg class=\"e-font-icon-svg e-fas-caret-right\" viewbox=\"0 0 192 512\" xmlns=\"http:\/\/www.w3.org\/2000\/svg\"><path d=\"M0 384.662V127.338c0-17.818 21.543-26.741 34.142-14.142l128.662 128.662c7.81 7.81 7.81 20.474 0 28.284L34.142 398.804C21.543 411.404 0 402.48 0 384.662z\"><\/path><\/svg><\/span>\n\t\t\t\t\t\t\t\t<span class=\"elementor-toggle-icon-opened\"><svg class=\"elementor-toggle-icon-opened e-font-icon-svg e-fas-caret-up\" viewbox=\"0 0 320 512\" xmlns=\"http:\/\/www.w3.org\/2000\/svg\"><path d=\"M288.662 352H31.338c-17.818 0-26.741-21.543-14.142-34.142l128.662-128.662c7.81-7.81 20.474-7.81 28.284 0l128.662 128.662c12.6 12.599 3.676 34.142-14.142 34.142z\"><\/path><\/svg><\/span>\n\t\t\t\t\t\t\t\t\t\t\t\t\t<\/span>\n\t\t\t\t\t\t\t\t\t\t\t\t<a class=\"elementor-toggle-title\" tabindex=\"0\">Propri\u00e9t\u00e9 intellectuelle<\/a>\n\t\t\t\t\t<\/div>\n\n\t\t\t\t\t<div id=\"elementor-tab-content-2051\" class=\"elementor-tab-content elementor-clearfix\" data-tab=\"1\" role=\"region\" aria-labelledby=\"elementor-tab-title-2051\"><p>L\u2019ensemble du contenu pr\u00e9sent sur le site (textes, images, logos, charte graphique, etc.) est la propri\u00e9t\u00e9 exclusive de <strong data-start=\"1197\" data-end=\"1221\">Mamie&amp;Co Hairsecrets<\/strong>, sauf mention contraire.<br data-start=\"1246\" data-end=\"1249\" \/>Toute reproduction, repr\u00e9sentation, diffusion ou exploitation, totale ou partielle, sans autorisation \u00e9crite pr\u00e9alable est interdite.<\/p><\/div>\n\t\t\t\t<\/div>\n\t\t\t\t\t\t\t<div class=\"elementor-toggle-item\">\n\t\t\t\t\t<div id=\"elementor-tab-title-2052\" class=\"elementor-tab-title\" data-tab=\"2\" role=\"button\" aria-controls=\"elementor-tab-content-2052\" aria-expanded=\"false\">\n\t\t\t\t\t\t\t\t\t\t\t\t<span class=\"elementor-toggle-icon elementor-toggle-icon-left\" aria-hidden=\"true\">\n\t\t\t\t\t\t\t\t\t\t\t\t\t\t\t<span class=\"elementor-toggle-icon-closed\"><svg class=\"e-font-icon-svg e-fas-caret-right\" viewbox=\"0 0 192 512\" xmlns=\"http:\/\/www.w3.org\/2000\/svg\"><path d=\"M0 384.662V127.338c0-17.818 21.543-26.741 34.142-14.142l128.662 128.662c7.81 7.81 7.81 20.474 0 28.284L34.142 398.804C21.543 411.404 0 402.48 0 384.662z\"><\/path><\/svg><\/span>\n\t\t\t\t\t\t\t\t<span class=\"elementor-toggle-icon-opened\"><svg class=\"elementor-toggle-icon-opened e-font-icon-svg e-fas-caret-up\" viewbox=\"0 0 320 512\" xmlns=\"http:\/\/www.w3.org\/2000\/svg\"><path d=\"M288.662 352H31.338c-17.818 0-26.741-21.543-14.142-34.142l128.662-128.662c7.81-7.81 20.474-7.81 28.284 0l128.662 128.662c12.6 12.599 3.676 34.142-14.142 34.142z\"><\/path><\/svg><\/span>\n\t\t\t\t\t\t\t\t\t\t\t\t\t<\/span>\n\t\t\t\t\t\t\t\t\t\t\t\t<a class=\"elementor-toggle-title\" tabindex=\"0\">Donn\u00e9es personnelles<\/a>\n\t\t\t\t\t<\/div>\n\n\t\t\t\t\t<div id=\"elementor-tab-content-2052\" class=\"elementor-tab-content elementor-clearfix\" data-tab=\"2\" role=\"region\" aria-labelledby=\"elementor-tab-title-2052\"><p class=\"\" data-start=\"1418\" data-end=\"1628\">Conform\u00e9ment \u00e0 la l\u00e9gislation en vigueur (RGPD), les donn\u00e9es personnelles collect\u00e9es via le site (formulaires de contact, commandes, newsletter) sont utilis\u00e9es exclusivement dans le cadre des services propos\u00e9s.<\/p><p class=\"\" data-start=\"1630\" data-end=\"1831\">Vous disposez d\u2019un droit d\u2019acc\u00e8s, de rectification, de suppression et d\u2019opposition sur les donn\u00e9es vous concernant.<br data-start=\"1745\" data-end=\"1748\" \/>Pour exercer ces droits, veuillez contacter : <strong data-start=\"1794\" data-end=\"1831\"><a class=\"cursor-pointer\" rel=\"noopener\" data-start=\"1796\" data-end=\"1829\">contact@mamieandcohairsecrets.com<\/a><\/strong><\/p><\/div>\n\t\t\t\t<\/div>\n\t\t\t\t\t\t\t<div class=\"elementor-toggle-item\">\n\t\t\t\t\t<div id=\"elementor-tab-title-2053\" class=\"elementor-tab-title\" data-tab=\"3\" role=\"button\" aria-controls=\"elementor-tab-content-2053\" aria-expanded=\"false\">\n\t\t\t\t\t\t\t\t\t\t\t\t<span class=\"elementor-toggle-icon elementor-toggle-icon-left\" aria-hidden=\"true\">\n\t\t\t\t\t\t\t\t\t\t\t\t\t\t\t<span class=\"elementor-toggle-icon-closed\"><svg class=\"e-font-icon-svg e-fas-caret-right\" viewbox=\"0 0 192 512\" xmlns=\"http:\/\/www.w3.org\/2000\/svg\"><path d=\"M0 384.662V127.338c0-17.818 21.543-26.741 34.142-14.142l128.662 128.662c7.81 7.81 7.81 20.474 0 28.284L34.142 398.804C21.543 411.404 0 402.48 0 384.662z\"><\/path><\/svg><\/span>\n\t\t\t\t\t\t\t\t<span class=\"elementor-toggle-icon-opened\"><svg class=\"elementor-toggle-icon-opened e-font-icon-svg e-fas-caret-up\" viewbox=\"0 0 320 512\" xmlns=\"http:\/\/www.w3.org\/2000\/svg\"><path d=\"M288.662 352H31.338c-17.818 0-26.741-21.543-14.142-34.142l128.662-128.662c7.81-7.81 20.474-7.81 28.284 0l128.662 128.662c12.6 12.599 3.676 34.142-14.142 34.142z\"><\/path><\/svg><\/span>\n\t\t\t\t\t\t\t\t\t\t\t\t\t<\/span>\n\t\t\t\t\t\t\t\t\t\t\t\t<a class=\"elementor-toggle-title\" tabindex=\"0\">Cookies<\/a>\n\t\t\t\t\t<\/div>\n\n\t\t\t\t\t<div id=\"elementor-tab-content-2053\" class=\"elementor-tab-content elementor-clearfix\" data-tab=\"3\" role=\"region\" aria-labelledby=\"elementor-tab-title-2053\"><p>Le site peut utiliser des cookies pour am\u00e9liorer l\u2019exp\u00e9rience utilisateur et mesurer l\u2019audience.<br data-start=\"1950\" data-end=\"1953\" \/>L\u2019utilisateur peut refuser l\u2019installation des cookies en param\u00e9trant son navigateur.<\/p><\/div>\n\t\t\t\t<\/div>\n\t\t\t\t\t\t\t<div class=\"elementor-toggle-item\">\n\t\t\t\t\t<div id=\"elementor-tab-title-2054\" class=\"elementor-tab-title\" data-tab=\"4\" role=\"button\" aria-controls=\"elementor-tab-content-2054\" aria-expanded=\"false\">\n\t\t\t\t\t\t\t\t\t\t\t\t<span class=\"elementor-toggle-icon elementor-toggle-icon-left\" aria-hidden=\"true\">\n\t\t\t\t\t\t\t\t\t\t\t\t\t\t\t<span class=\"elementor-toggle-icon-closed\"><svg class=\"e-font-icon-svg e-fas-caret-right\" viewbox=\"0 0 192 512\" xmlns=\"http:\/\/www.w3.org\/2000\/svg\"><path d=\"M0 384.662V127.338c0-17.818 21.543-26.741 34.142-14.142l128.662 128.662c7.81 7.81 7.81 20.474 0 28.284L34.142 398.804C21.543 411.404 0 402.48 0 384.662z\"><\/path><\/svg><\/span>\n\t\t\t\t\t\t\t\t<span class=\"elementor-toggle-icon-opened\"><svg class=\"elementor-toggle-icon-opened e-font-icon-svg e-fas-caret-up\" viewbox=\"0 0 320 512\" xmlns=\"http:\/\/www.w3.org\/2000\/svg\"><path d=\"M288.662 352H31.338c-17.818 0-26.741-21.543-14.142-34.142l128.662-128.662c7.81-7.81 20.474-7.81 28.284 0l128.662 128.662c12.6 12.599 3.676 34.142-14.142 34.142z\"><\/path><\/svg><\/span>\n\t\t\t\t\t\t\t\t\t\t\t\t\t<\/span>\n\t\t\t\t\t\t\t\t\t\t\t\t<a class=\"elementor-toggle-title\" tabindex=\"0\">Responsabilit\u00e9<\/a>\n\t\t\t\t\t<\/div>\n\n\t\t\t\t\t<div id=\"elementor-tab-content-2054\" class=\"elementor-tab-content elementor-clearfix\" data-tab=\"4\" role=\"region\" aria-labelledby=\"elementor-tab-title-2054\"><p class=\"\" data-start=\"2067\" data-end=\"2359\">Mamie&amp;Co Hairsecrets s\u2019efforce de fournir des informations exactes, mais ne saurait \u00eatre tenue responsable d\u2019erreurs, d\u2019omissions ou de l\u2019indisponibilit\u00e9 temporaire du site.<br data-start=\"2240\" data-end=\"2243\" \/>Les produits sont pr\u00e9sent\u00e9s avec la plus grande fid\u00e9lit\u00e9 possible, toutefois des variations minimes peuvent exister.<\/p><\/div>\n\t\t\t\t<\/div>\n\t\t\t\t\t\t\t<div class=\"elementor-toggle-item\">\n\t\t\t\t\t<div id=\"elementor-tab-title-2055\" class=\"elementor-tab-title\" data-tab=\"5\" role=\"button\" aria-controls=\"elementor-tab-content-2055\" aria-expanded=\"false\">\n\t\t\t\t\t\t\t\t\t\t\t\t<span class=\"elementor-toggle-icon elementor-toggle-icon-left\" aria-hidden=\"true\">\n\t\t\t\t\t\t\t\t\t\t\t\t\t\t\t<span class=\"elementor-toggle-icon-closed\"><svg class=\"e-font-icon-svg e-fas-caret-right\" viewbox=\"0 0 192 512\" xmlns=\"http:\/\/www.w3.org\/2000\/svg\"><path d=\"M0 384.662V127.338c0-17.818 21.543-26.741 34.142-14.142l128.662 128.662c7.81 7.81 7.81 20.474 0 28.284L34.142 398.804C21.543 411.404 0 402.48 0 384.662z\"><\/path><\/svg><\/span>\n\t\t\t\t\t\t\t\t<span class=\"elementor-toggle-icon-opened\"><svg class=\"elementor-toggle-icon-opened e-font-icon-svg e-fas-caret-up\" viewbox=\"0 0 320 512\" xmlns=\"http:\/\/www.w3.org\/2000\/svg\"><path d=\"M288.662 352H31.338c-17.818 0-26.741-21.543-14.142-34.142l128.662-128.662c7.81-7.81 20.474-7.81 28.284 0l128.662 128.662c12.6 12.599 3.676 34.142-14.142 34.142z\"><\/path><\/svg><\/span>\n\t\t\t\t\t\t\t\t\t\t\t\t\t<\/span>\n\t\t\t\t\t\t\t\t\t\t\t\t<a class=\"elementor-toggle-title\" tabindex=\"0\">Conditions g\u00e9n\u00e9rales de vente (CGV)<\/a>\n\t\t\t\t\t<\/div>\n\n\t\t\t\t\t<div id=\"elementor-tab-content-2055\" class=\"elementor-tab-content elementor-clearfix\" data-tab=\"5\" role=\"region\" aria-labelledby=\"elementor-tab-title-2055\"><p>Les CGV sont consultables directement sur <a href=\"https:\/\/mamieandcohairsecrets.com\/en\/conditions-generales-de-vente-cgv\/\">https:\/\/mamieandcohairsecrets.com\/conditions-generales-de-vente-cgv\/<\/a><br data-start=\"2485\" data-end=\"2488\" \/>Elles pr\u00e9cisent les modalit\u00e9s de commande, de paiement, de livraison et de r\u00e9tractation.<\/p><\/div>\n\t\t\t\t<\/div>\n\t\t\t\t\t\t\t\t<\/div>\n\t\t\t\t\t\t<\/div>\n\t\t\t\t<\/div>\n\t\t\t\t<div class=\"elementor-element elementor-element-acb31b3 elementor-widget elementor-widget-text-editor\" data-id=\"acb31b3\" data-element_type=\"widget\" data-e-type=\"widget\" data-settings=\"{&quot;ekit_we_effect_on&quot;:&quot;none&quot;}\" data-widget_type=\"text-editor.default\">\n\t\t\t\t<div class=\"elementor-widget-container\">\n\t\t\t\t\t\t\t\t\t<p>Version \u00e0 jour du 29 juin 2025<\/p>\t\t\t\t\t\t\t\t<\/div>\n\t\t\t\t<\/div>\n\t\t\t\t\t<\/div>\n\t\t\t\t<\/div>\n\t\t\t\t\t<\/div>\n\t\t\t\t<\/div>\n\t\t\t\t\t<\/div>\n\t\t\t\t<\/div>\n\t\t\t\t<\/div>","protected":false},"excerpt":{"rendered":"<p>Mentions l\u00e9gales \u00c9diteur du site Mamie&amp;Co HairsecretsEntreprise individuelle \/ Soci\u00e9t\u00e9 [forme juridique \u00e0 pr\u00e9ciser : SASU, SARL, EI, etc.]Si\u00e8ge social : [adresse compl\u00e8te]SIRET : [n\u00b0 SIRET ou \u00e9quivalent]RCS : [Ville d&rsquo;immatriculation]TVA intracommunautaire : [N\u00b0 TVA si applicable]Responsable de la publication : [Nom et pr\u00e9nom du dirigeant] Adresse e-mail : contact@mamieandcohairsecrets.comT\u00e9l\u00e9phone : [n\u00b0 de t\u00e9l\u00e9phone professionnel] [&hellip;]<\/p>","protected":false},"author":3,"featured_media":0,"parent":0,"menu_order":0,"comment_status":"closed","ping_status":"closed","template":"elementor_header_footer","meta":{"_eb_attr":"","content-type":"","footnotes":""},"folder":[],"class_list":["post-15838","page","type-page","status-publish","hentry"],"yoast_head":"<!-- This site is optimized with the Yoast SEO Premium plugin v23.4 (Yoast SEO v27.3) - https:\/\/yoast.com\/product\/yoast-seo-premium-wordpress\/ -->\n<title>Mentions l\u00e9gales - Mamie&amp;Co Hair Secrets<\/title>\n<meta name=\"robots\" content=\"index, follow, max-snippet:-1, max-image-preview:large, max-video-preview:-1\" \/>\n<link rel=\"canonical\" href=\"https:\/\/mamieandcohairsecrets.com\/en\/mentions-legales\/\" \/>\n<meta property=\"og:locale\" content=\"en_GB\" \/>\n<meta property=\"og:type\" content=\"article\" \/>\n<meta property=\"og:title\" content=\"Mentions l\u00e9gales\" \/>\n<meta property=\"og:description\" content=\"Mentions l\u00e9gales \u00c9diteur du site Mamie&amp;Co HairsecretsEntreprise individuelle \/ Soci\u00e9t\u00e9 [forme juridique \u00e0 pr\u00e9ciser : SASU, SARL, EI, etc.]Si\u00e8ge social : [adresse compl\u00e8te]SIRET : [n\u00b0 SIRET ou \u00e9quivalent]RCS : [Ville d&rsquo;immatriculation]TVA intracommunautaire : [N\u00b0 TVA si applicable]Responsable de la publication : [Nom et pr\u00e9nom du dirigeant] Adresse e-mail : contact@mamieandcohairsecrets.comT\u00e9l\u00e9phone : [n\u00b0 de t\u00e9l\u00e9phone professionnel] [&hellip;]\" \/>\n<meta property=\"og:url\" content=\"https:\/\/mamieandcohairsecrets.com\/en\/mentions-legales\/\" \/>\n<meta property=\"og:site_name\" content=\"Mamie&amp;Co Hair Secrets\" \/>\n<meta property=\"article:modified_time\" content=\"2025-06-29T12:16:52+00:00\" \/>\n<meta name=\"twitter:card\" content=\"summary_large_image\" \/>\n<meta name=\"twitter:label1\" content=\"Estimated reading time\" \/>\n\t<meta name=\"twitter:data1\" content=\"2 minutes\" \/>\n<script type=\"application\/ld+json\" class=\"yoast-schema-graph\">{\"@context\":\"https:\\\/\\\/schema.org\",\"@graph\":[{\"@type\":\"WebPage\",\"@id\":\"https:\\\/\\\/mamieandcohairsecrets.com\\\/mentions-legales\\\/\",\"url\":\"https:\\\/\\\/mamieandcohairsecrets.com\\\/mentions-legales\\\/\",\"name\":\"Mentions l\u00e9gales - Mamie&amp;Co Hair Secrets\",\"isPartOf\":{\"@id\":\"https:\\\/\\\/mamieandcohairsecrets.com\\\/#website\"},\"datePublished\":\"2025-04-28T15:10:28+00:00\",\"dateModified\":\"2025-06-29T12:16:52+00:00\",\"breadcrumb\":{\"@id\":\"https:\\\/\\\/mamieandcohairsecrets.com\\\/mentions-legales\\\/#breadcrumb\"},\"inLanguage\":\"en-GB\",\"potentialAction\":[{\"@type\":\"ReadAction\",\"target\":[\"https:\\\/\\\/mamieandcohairsecrets.com\\\/mentions-legales\\\/\"]}]},{\"@type\":\"BreadcrumbList\",\"@id\":\"https:\\\/\\\/mamieandcohairsecrets.com\\\/mentions-legales\\\/#breadcrumb\",\"itemListElement\":[{\"@type\":\"ListItem\",\"position\":1,\"name\":\"Home\",\"item\":\"https:\\\/\\\/mamieandcohairsecrets.com\\\/\"},{\"@type\":\"ListItem\",\"position\":2,\"name\":\"Mentions l\u00e9gales\"}]},{\"@type\":\"WebSite\",\"@id\":\"https:\\\/\\\/mamieandcohairsecrets.com\\\/#website\",\"url\":\"https:\\\/\\\/mamieandcohairsecrets.com\\\/\",\"name\":\"Mamie&Co Hair Secrets\",\"description\":\"\",\"publisher\":{\"@id\":\"https:\\\/\\\/mamieandcohairsecrets.com\\\/#organization\"},\"potentialAction\":[{\"@type\":\"SearchAction\",\"target\":{\"@type\":\"EntryPoint\",\"urlTemplate\":\"https:\\\/\\\/mamieandcohairsecrets.com\\\/?s={search_term_string}\"},\"query-input\":{\"@type\":\"PropertyValueSpecification\",\"valueRequired\":true,\"valueName\":\"search_term_string\"}}],\"inLanguage\":\"en-GB\"},{\"@type\":\"Organization\",\"@id\":\"https:\\\/\\\/mamieandcohairsecrets.com\\\/#organization\",\"name\":\"Mamie&Co Hair Secrets\",\"url\":\"https:\\\/\\\/mamieandcohairsecrets.com\\\/\",\"logo\":{\"@type\":\"ImageObject\",\"inLanguage\":\"en-GB\",\"@id\":\"https:\\\/\\\/mamieandcohairsecrets.com\\\/#\\\/schema\\\/logo\\\/image\\\/\",\"url\":\"https:\\\/\\\/mamieandcohairsecrets.com\\\/wp-content\\\/uploads\\\/2024\\\/07\\\/Logo-Mamie-and-co-hair-secrets.png\",\"contentUrl\":\"https:\\\/\\\/mamieandcohairsecrets.com\\\/wp-content\\\/uploads\\\/2024\\\/07\\\/Logo-Mamie-and-co-hair-secrets.png\",\"width\":1096,\"height\":330,\"caption\":\"Mamie&Co Hair Secrets\"},\"image\":{\"@id\":\"https:\\\/\\\/mamieandcohairsecrets.com\\\/#\\\/schema\\\/logo\\\/image\\\/\"}}]}<\/script>\n<!-- \/ Yoast SEO Premium plugin. -->","yoast_head_json":{"title":"Mentions l\u00e9gales - Mamie&amp;Co Hair Secrets","robots":{"index":"index","follow":"follow","max-snippet":"max-snippet:-1","max-image-preview":"max-image-preview:large","max-video-preview":"max-video-preview:-1"},"canonical":"https:\/\/mamieandcohairsecrets.com\/en\/mentions-legales\/","og_locale":"en_GB","og_type":"article","og_title":"Mentions l\u00e9gales","og_description":"Mentions l\u00e9gales \u00c9diteur du site Mamie&amp;Co HairsecretsEntreprise individuelle \/ Soci\u00e9t\u00e9 [forme juridique \u00e0 pr\u00e9ciser : SASU, SARL, EI, etc.]Si\u00e8ge social : [adresse compl\u00e8te]SIRET : [n\u00b0 SIRET ou \u00e9quivalent]RCS : [Ville d&rsquo;immatriculation]TVA intracommunautaire : [N\u00b0 TVA si applicable]Responsable de la publication : [Nom et pr\u00e9nom du dirigeant] Adresse e-mail : contact@mamieandcohairsecrets.comT\u00e9l\u00e9phone : [n\u00b0 de t\u00e9l\u00e9phone professionnel] [&hellip;]","og_url":"https:\/\/mamieandcohairsecrets.com\/en\/mentions-legales\/","og_site_name":"Mamie&amp;Co Hair Secrets","article_modified_time":"2025-06-29T12:16:52+00:00","twitter_card":"summary_large_image","twitter_misc":{"Estimated reading time":"2 minutes"},"schema":{"@context":"https:\/\/schema.org","@graph":[{"@type":"WebPage","@id":"https:\/\/mamieandcohairsecrets.com\/mentions-legales\/","url":"https:\/\/mamieandcohairsecrets.com\/mentions-legales\/","name":"Mentions l\u00e9gales - Mamie&amp;Co Hair Secrets","isPartOf":{"@id":"https:\/\/mamieandcohairsecrets.com\/#website"},"datePublished":"2025-04-28T15:10:28+00:00","dateModified":"2025-06-29T12:16:52+00:00","breadcrumb":{"@id":"https:\/\/mamieandcohairsecrets.com\/mentions-legales\/#breadcrumb"},"inLanguage":"en-GB","potentialAction":[{"@type":"ReadAction","target":["https:\/\/mamieandcohairsecrets.com\/mentions-legales\/"]}]},{"@type":"BreadcrumbList","@id":"https:\/\/mamieandcohairsecrets.com\/mentions-legales\/#breadcrumb","itemListElement":[{"@type":"ListItem","position":1,"name":"Home","item":"https:\/\/mamieandcohairsecrets.com\/"},{"@type":"ListItem","position":2,"name":"Mentions l\u00e9gales"}]},{"@type":"WebSite","@id":"https:\/\/mamieandcohairsecrets.com\/#website","url":"https:\/\/mamieandcohairsecrets.com\/","name":"Mamie&Co Hair Secrets","description":"","publisher":{"@id":"https:\/\/mamieandcohairsecrets.com\/#organization"},"potentialAction":[{"@type":"SearchAction","target":{"@type":"EntryPoint","urlTemplate":"https:\/\/mamieandcohairsecrets.com\/?s={search_term_string}"},"query-input":{"@type":"PropertyValueSpecification","valueRequired":true,"valueName":"search_term_string"}}],"inLanguage":"en-GB"},{"@type":"Organization","@id":"https:\/\/mamieandcohairsecrets.com\/#organization","name":"Mamie&Co Hair Secrets","url":"https:\/\/mamieandcohairsecrets.com\/","logo":{"@type":"ImageObject","inLanguage":"en-GB","@id":"https:\/\/mamieandcohairsecrets.com\/#\/schema\/logo\/image\/","url":"https:\/\/mamieandcohairsecrets.com\/wp-content\/uploads\/2024\/07\/Logo-Mamie-and-co-hair-secrets.png","contentUrl":"https:\/\/mamieandcohairsecrets.com\/wp-content\/uploads\/2024\/07\/Logo-Mamie-and-co-hair-secrets.png","width":1096,"height":330,"caption":"Mamie&Co Hair Secrets"},"image":{"@id":"https:\/\/mamieandcohairsecrets.com\/#\/schema\/logo\/image\/"}}]}},"_links":{"self":[{"href":"https:\/\/mamieandcohairsecrets.com\/en\/wp-json\/wp\/v2\/pages\/15838","targetHints":{"allow":["GET"]}}],"collection":[{"href":"https:\/\/mamieandcohairsecrets.com\/en\/wp-json\/wp\/v2\/pages"}],"about":[{"href":"https:\/\/mamieandcohairsecrets.com\/en\/wp-json\/wp\/v2\/types\/page"}],"author":[{"embeddable":true,"href":"https:\/\/mamieandcohairsecrets.com\/en\/wp-json\/wp\/v2\/users\/3"}],"replies":[{"embeddable":true,"href":"https:\/\/mamieandcohairsecrets.com\/en\/wp-json\/wp\/v2\/comments?post=15838"}],"version-history":[{"count":58,"href":"https:\/\/mamieandcohairsecrets.com\/en\/wp-json\/wp\/v2\/pages\/15838\/revisions"}],"predecessor-version":[{"id":18717,"href":"https:\/\/mamieandcohairsecrets.com\/en\/wp-json\/wp\/v2\/pages\/15838\/revisions\/18717"}],"wp:attachment":[{"href":"https:\/\/mamieandcohairsecrets.com\/en\/wp-json\/wp\/v2\/media?parent=15838"}],"wp:term":[{"taxonomy":"folder","embeddable":true,"href":"https:\/\/mamieandcohairsecrets.com\/en\/wp-json\/wp\/v2\/folder?post=15838"}],"curies":[{"name":"wp","href":"https:\/\/api.w.org\/{rel}","templated":true}]}}